{"id":961,"date":"2021-09-16T11:05:32","date_gmt":"2021-09-16T09:05:32","guid":{"rendered":"https:\/\/globalideascenter.org\/?page_id=961"},"modified":"2022-01-14T18:07:43","modified_gmt":"2022-01-14T17:07:43","slug":"gic-in-den-medien","status":"publish","type":"page","link":"https:\/\/globalideascenter.org\/de\/gic-in-den-medien\/","title":{"rendered":"GIC in den Medien"},"content":{"rendered":"<p><div class=\"fusion-fullwidth fullwidth-box fusion-builder-row-1 fusion-flex-container nonhundred-percent-fullwidth non-hundred-percent-height-scrolling\" style=\"background-color: rgba(255,255,255,0);background-position: center center;background-repeat: no-repeat;border-width: 0px 0px 0px 0px;border-color:#e2e2e2;border-style:solid;\" ><div class=\"fusion-builder-row fusion-row fusion-flex-align-items-flex-start\" style=\"max-width:93.6%;margin-left: calc(-4% \/ 2 );margin-right: calc(-4% \/ 2 );\"><div class=\"fusion-layout-column fusion_builder_column fusion-builder-column-0 fusion_builder_column_3_5 3_5 fusion-flex-column\"><div class=\"fusion-column-wrapper fusion-flex-justify-content-flex-start fusion-content-layout-column\" style=\"background-position:left top;background-repeat:no-repeat;-webkit-background-size:cover;-moz-background-size:cover;-o-background-size:cover;background-size:cover;padding: 0px 0px 0px 0px;\"><div class=\"fusion-text fusion-text-1\" style=\"text-align:justify;\"><p>Die Medien sind ein wichtiger Partner f\u00fcr den Auftrag und die Arbeit des Global Ideas Center. In dieser Hinsicht ist es hilfreich, dass wir weltweit auf gut etablierte Beziehungen zu f\u00fchrenden nationalen und internationalen Medien bauen k\u00f6nnen.<\/p>\n<p>Unser Versprechen an die Medien ist es, innovative Analysen und Vorschl\u00e4ge zu liefern, die nicht um den hei\u00dfen Brei herumreden. Stattdessen zielen wir darauf ab, gut durchdachte und praxisorientierte Thesen anzubieten, die auf gr\u00fcndlichen Analysen und echten Erkenntnissen beruhen.<\/p>\n<p>Unser Ziel ist es, pointierte und knapp gehaltene Berichte zu liefern, die zu lebhaften Debatten in diversen Medienformaten beitragen k\u00f6nnen. Dazu geh\u00f6rt vor allem das Verfassen und Platzieren von Meinungsartikeln in f\u00fchrenden nationalen Medien rund um den Globus sowie die Bereitstellung von sehr wortgewandten Interviewpartnern.<\/p>\n<\/div><\/div><style type=\"text\/css\">.fusion-body .fusion-builder-column-0{width:60% !important;margin-top : 0px;margin-bottom : 0px;}.fusion-builder-column-0 > .fusion-column-wrapper {padding-top : 0px !important;padding-right : 0px !important;margin-right : 3.2%;padding-bottom : 0px !important;padding-left : 0px !important;margin-left : 3.2%;}@media only screen and (max-width:1024px) {.fusion-body .fusion-builder-column-0{width:60% !important;order : 0;}.fusion-builder-column-0 > .fusion-column-wrapper {margin-right : 3.2%;margin-left : 3.2%;}}@media only screen and (max-width:640px) {.fusion-body .fusion-builder-column-0{width:100% !important;order : 0;}.fusion-builder-column-0 > .fusion-column-wrapper {margin-right : 1.92%;margin-left : 1.92%;}}<\/style><\/div><\/div><style type=\"text\/css\">.fusion-body .fusion-flex-container.fusion-builder-row-1{ padding-top : 0px;margin-top : 0px;padding-right : 0px;padding-bottom : 0px;margin-bottom : 0px;padding-left : 0px;}<\/style><\/div><div class=\"fusion-fullwidth fullwidth-box fusion-builder-row-2 fusion-flex-container nonhundred-percent-fullwidth non-hundred-percent-height-scrolling\" style=\"background-color: rgba(255,255,255,0);background-position: center center;background-repeat: no-repeat;border-width: 0px 0px 0px 0px;border-color:#e2e2e2;border-style:solid;\" ><div class=\"fusion-builder-row fusion-row fusion-flex-align-items-flex-start\" style=\"max-width:93.6%;margin-left: calc(-4% \/ 2 );margin-right: calc(-4% \/ 2 );\"><div class=\"fusion-layout-column fusion_builder_column fusion-builder-column-1 fusion_builder_column_1_3 1_3 fusion-flex-column\"><div class=\"fusion-column-wrapper fusion-flex-justify-content-flex-start fusion-content-layout-column\" style=\"background-position:left top;background-repeat:no-repeat;-webkit-background-size:cover;-moz-background-size:cover;-o-background-size:cover;background-size:cover;padding: 0px 0px 0px 0px;\"><div ><span class=\" fusion-imageframe imageframe-none imageframe-1 hover-type-none\"><img decoding=\"async\" width=\"1600\" height=\"1075\" title=\"GIC_SIP China\" src=\"https:\/\/globalideascenter.org\/wp-content\/uploads\/2021\/09\/china.jpg\" class=\"img-responsive wp-image-1217\" srcset=\"https:\/\/globalideascenter.org\/wp-content\/uploads\/2021\/09\/china-200x134.jpg 200w, https:\/\/globalideascenter.org\/wp-content\/uploads\/2021\/09\/china-400x269.jpg 400w, https:\/\/globalideascenter.org\/wp-content\/uploads\/2021\/09\/china-600x403.jpg 600w, https:\/\/globalideascenter.org\/wp-content\/uploads\/2021\/09\/china-800x538.jpg 800w, https:\/\/globalideascenter.org\/wp-content\/uploads\/2021\/09\/china-1200x806.jpg 1200w, https:\/\/globalideascenter.org\/wp-content\/uploads\/2021\/09\/china.jpg 1600w\" sizes=\"(max-width: 640px) 100vw, 600px\" \/><\/span><\/div><style type=\"text\/css\">@media only screen and (max-width:1024px) {.fusion-title.fusion-title-1{margin-top:10px!important; margin-right:0px!important;margin-bottom:15px!important;margin-left:0px!important;}}@media only screen and (max-width:640px) {.fusion-title.fusion-title-1{margin-top:10px!important; margin-right:0px!important;margin-bottom:10px!important; margin-left:0px!important;}}<\/style><div class=\"fusion-title title fusion-title-1 fusion-sep-none fusion-title-text fusion-title-size-one\" style=\"font-size:25px;margin-top:10px;margin-right:0px;margin-bottom:15px;margin-left:0px;\"><h1 class=\"title-heading-left fusion-responsive-typography-calculated\" style=\"margin:0;font-size:1em;--fontSize:25;--minFontSize:25px;line-height:1.16;\"><a href=\"https:\/\/globalideascenter.org\/de\/deutschland-nicht-chinas-wirtschaftlicher-spielball-2\/\">Deutschland: Nicht Chinas wirtschaftlicher Spielball<\/a><\/h1><\/div><style type=\"text\/css\">@media only screen and (max-width:1024px) {.fusion-title.fusion-title-2{margin-top:10px!important; margin-right:0px!important;margin-bottom:15px!important;margin-left:0px!important;}}@media only screen and (max-width:640px) {.fusion-title.fusion-title-2{margin-top:10px!important; margin-right:0px!important;margin-bottom:10px!important; margin-left:0px!important;}}<\/style><div class=\"fusion-title title fusion-title-2 fusion-sep-none fusion-title-text fusion-title-size-four\" style=\"margin-top:10px;margin-right:0px;margin-bottom:15px;margin-left:0px;\"><h4 class=\"title-heading-left fusion-responsive-typography-calculated\" style=\"margin:0;--fontSize:20;--minFontSize:20px;line-height:1.36;\">Radio-Interview mit Holger Schmieding, Deutschlandfunk, gesendet am 04.01.22<br \/>\n<a href=\"https:\/\/globalideascenter.org\/wp-content\/uploads\/2022\/01\/Umgang-mit-China-und-Russland.mp3\" target=\"_blank\" rel=\"noopener\">\u25ba H\u00f6ren<\/a> | <a href=\"https:\/\/globalideascenter.org\/de\/deutschland-nicht-chinas-wirtschaftlicher-spielball-2\/\">Lesen<\/a><\/h4><\/div><style type=\"text\/css\">@media only screen and (max-width:1024px) {.fusion-title.fusion-title-3{margin-top:10px!important; margin-right:0px!important;margin-bottom:15px!important;margin-left:0px!important;}}@media only screen and (max-width:640px) {.fusion-title.fusion-title-3{margin-top:10px!important; margin-right:0px!important;margin-bottom:10px!important; margin-left:0px!important;}}<\/style><div class=\"fusion-title title fusion-title-3 fusion-sep-none fusion-title-text fusion-title-size-four\" style=\"margin-top:10px;margin-right:0px;margin-bottom:15px;margin-left:0px;\"><h4 class=\"title-heading-left fusion-responsive-typography-calculated\" style=\"margin:0;--fontSize:20;--minFontSize:20px;line-height:1.36;\"><\/h4><\/div><\/div><style type=\"text\/css\">.fusion-body .fusion-builder-column-1{width:33.333333333333% !important;margin-top : 0px;margin-bottom : 20px;}.fusion-builder-column-1 > .fusion-column-wrapper {padding-top : 0px !important;padding-right : 0px !important;margin-right : 5.76%;padding-bottom : 0px !important;padding-left : 0px !important;margin-left : 5.76%;}@media only screen and (max-width:1024px) {.fusion-body .fusion-builder-column-1{width:33.333333333333% !important;order : 0;}.fusion-builder-column-1 > .fusion-column-wrapper {margin-right : 5.76%;margin-left : 5.76%;}}@media only screen and (max-width:640px) {.fusion-body .fusion-builder-column-1{width:100% !important;order : 0;}.fusion-builder-column-1 > .fusion-column-wrapper {margin-right : 1.92%;margin-left : 1.92%;}}<\/style><\/div><div class=\"fusion-layout-column fusion_builder_column fusion-builder-column-2 fusion_builder_column_1_3 1_3 fusion-flex-column\"><div class=\"fusion-column-wrapper fusion-flex-justify-content-flex-start fusion-content-layout-column\" style=\"background-position:left top;background-repeat:no-repeat;-webkit-background-size:cover;-moz-background-size:cover;-o-background-size:cover;background-size:cover;padding: 0px 0px 0px 0px;\"><div ><span class=\" fusion-imageframe imageframe-none imageframe-2 hover-type-none\"><img decoding=\"async\" width=\"1600\" height=\"1075\" title=\"Digitalisierung\" src=\"https:\/\/globalideascenter.org\/wp-content\/uploads\/2021\/11\/Digitalisierung.jpg\" class=\"img-responsive wp-image-1088\" srcset=\"https:\/\/globalideascenter.org\/wp-content\/uploads\/2021\/11\/Digitalisierung-200x134.jpg 200w, https:\/\/globalideascenter.org\/wp-content\/uploads\/2021\/11\/Digitalisierung-400x269.jpg 400w, https:\/\/globalideascenter.org\/wp-content\/uploads\/2021\/11\/Digitalisierung-600x403.jpg 600w, https:\/\/globalideascenter.org\/wp-content\/uploads\/2021\/11\/Digitalisierung-800x538.jpg 800w, https:\/\/globalideascenter.org\/wp-content\/uploads\/2021\/11\/Digitalisierung-1200x806.jpg 1200w, https:\/\/globalideascenter.org\/wp-content\/uploads\/2021\/11\/Digitalisierung.jpg 1600w\" sizes=\"(max-width: 640px) 100vw, 600px\" \/><\/span><\/div><style type=\"text\/css\">@media only screen and (max-width:1024px) {.fusion-title.fusion-title-4{margin-top:10px!important; margin-right:0px!important;margin-bottom:15px!important;margin-left:0px!important;}}@media only screen and (max-width:640px) {.fusion-title.fusion-title-4{margin-top:10px!important; margin-right:0px!important;margin-bottom:10px!important; margin-left:0px!important;}}<\/style><div class=\"fusion-title title fusion-title-4 fusion-sep-none fusion-title-text fusion-title-size-one\" style=\"font-size:25px;margin-top:10px;margin-right:0px;margin-bottom:15px;margin-left:0px;\"><h1 class=\"title-heading-left fusion-responsive-typography-calculated\" style=\"margin:0;font-size:1em;--fontSize:25;--minFontSize:25px;line-height:1.16;\"><a href=\"https:\/\/globalideascenter.org\/digitalisierung-und-demokratisierung-die-neuerfindung-der-kultur-2\/\">Digitalisierung und Demokratisierung: Die Neuerfindung der Kultur<\/a><\/h1><\/div><style type=\"text\/css\">@media only screen and (max-width:1024px) {.fusion-title.fusion-title-5{margin-top:10px!important; margin-right:0px!important;margin-bottom:15px!important;margin-left:0px!important;}}@media only screen and (max-width:640px) {.fusion-title.fusion-title-5{margin-top:10px!important; margin-right:0px!important;margin-bottom:10px!important; margin-left:0px!important;}}<\/style><div class=\"fusion-title title fusion-title-5 fusion-sep-none fusion-title-text fusion-title-size-four\" style=\"margin-top:10px;margin-right:0px;margin-bottom:15px;margin-left:0px;\"><h4 class=\"title-heading-left fusion-responsive-typography-calculated\" style=\"margin:0;--fontSize:20;--minFontSize:20px;line-height:1.36;\">Radio-Interview mit Markus Hilgert, Deutschlandfunk, gesendet am 13.11.21<br \/>\n<a href=\"https:\/\/globalideascenter.org\/wp-content\/uploads\/2022\/01\/Hilgert_kultur_muss_flaechendeckend_in_der_digitalen_moderne.mp3\" target=\"_blank\" rel=\"noopener\"> \u25ba H\u00f6ren<\/a> | <a href=\"https:\/\/globalideascenter.org\/digitalisierung-und-demokratisierung-die-neuerfindung-der-kultur-2\/\">Lesen<\/a> | <a href=\"https:\/\/globalideascenter.org\/de\/digitalisierung-und-demokratisierung-die-neuerfindung-der-kultur\/\" rel=\"noopener\">SIP<\/a><\/h4><\/div><style type=\"text\/css\">@media only screen and (max-width:1024px) {.fusion-title.fusion-title-6{margin-top:10px!important; margin-right:0px!important;margin-bottom:15px!important;margin-left:0px!important;}}@media only screen and (max-width:640px) {.fusion-title.fusion-title-6{margin-top:10px!important; margin-right:0px!important;margin-bottom:10px!important; margin-left:0px!important;}}<\/style><div class=\"fusion-title title fusion-title-6 fusion-sep-none fusion-title-text fusion-title-size-four\" style=\"margin-top:10px;margin-right:0px;margin-bottom:15px;margin-left:0px;\"><h4 class=\"title-heading-left fusion-responsive-typography-calculated\" style=\"margin:0;--fontSize:20;--minFontSize:20px;line-height:1.36;\"><\/h4><\/div><\/div><style type=\"text\/css\">.fusion-body .fusion-builder-column-2{width:33.333333333333% !important;margin-top : 0px;margin-bottom : 20px;}.fusion-builder-column-2 > .fusion-column-wrapper {padding-top : 0px !important;padding-right : 0px !important;margin-right : 5.76%;padding-bottom : 0px !important;padding-left : 0px !important;margin-left : 5.76%;}@media only screen and (max-width:1024px) {.fusion-body .fusion-builder-column-2{width:33.333333333333% !important;order : 0;}.fusion-builder-column-2 > .fusion-column-wrapper {margin-right : 5.76%;margin-left : 5.76%;}}@media only screen and (max-width:640px) {.fusion-body .fusion-builder-column-2{width:100% !important;order : 0;}.fusion-builder-column-2 > .fusion-column-wrapper {margin-right : 1.92%;margin-left : 1.92%;}}<\/style><\/div><div class=\"fusion-layout-column fusion_builder_column fusion-builder-column-3 fusion_builder_column_1_3 1_3 fusion-flex-column\"><div class=\"fusion-column-wrapper fusion-flex-justify-content-flex-start fusion-content-layout-column\" style=\"background-position:left top;background-repeat:no-repeat;-webkit-background-size:cover;-moz-background-size:cover;-o-background-size:cover;background-size:cover;padding: 0px 0px 0px 0px;\"><div ><span class=\" fusion-imageframe imageframe-none imageframe-3 hover-type-none\"><img decoding=\"async\" width=\"1600\" height=\"1075\" title=\"GIC_SIP-Grossbritanien\" src=\"https:\/\/globalideascenter.org\/wp-content\/uploads\/2021\/10\/GIC_SIP-Grossbritanien.jpg\" class=\"img-responsive wp-image-1034\" srcset=\"https:\/\/globalideascenter.org\/wp-content\/uploads\/2021\/10\/GIC_SIP-Grossbritanien-200x134.jpg 200w, https:\/\/globalideascenter.org\/wp-content\/uploads\/2021\/10\/GIC_SIP-Grossbritanien-400x269.jpg 400w, https:\/\/globalideascenter.org\/wp-content\/uploads\/2021\/10\/GIC_SIP-Grossbritanien-600x403.jpg 600w, https:\/\/globalideascenter.org\/wp-content\/uploads\/2021\/10\/GIC_SIP-Grossbritanien-800x538.jpg 800w, https:\/\/globalideascenter.org\/wp-content\/uploads\/2021\/10\/GIC_SIP-Grossbritanien-1200x806.jpg 1200w, https:\/\/globalideascenter.org\/wp-content\/uploads\/2021\/10\/GIC_SIP-Grossbritanien.jpg 1600w\" sizes=\"(max-width: 640px) 100vw, 600px\" \/><\/span><\/div><style type=\"text\/css\">@media only screen and (max-width:1024px) {.fusion-title.fusion-title-7{margin-top:10px!important; margin-right:0px!important;margin-bottom:15px!important;margin-left:0px!important;}}@media only screen and (max-width:640px) {.fusion-title.fusion-title-7{margin-top:10px!important; margin-right:0px!important;margin-bottom:10px!important; margin-left:0px!important;}}<\/style><div class=\"fusion-title title fusion-title-7 fusion-sep-none fusion-title-text fusion-title-size-one\" style=\"font-size:25px;margin-top:10px;margin-right:0px;margin-bottom:15px;margin-left:0px;\"><h1 class=\"title-heading-left fusion-responsive-typography-calculated\" style=\"margin:0;font-size:1em;--fontSize:25;--minFontSize:25px;line-height:1.16;\"><a href=\"https:\/\/globalideascenter.org\/was-deutschland-in-klimafragen-von-grosbritannien-lernen-kann\/\">Was Deutschland in Klimafragen von Gro\u00dfbritannien lernen kann<\/a><\/h1><\/div><style type=\"text\/css\">@media only screen and (max-width:1024px) {.fusion-title.fusion-title-8{margin-top:10px!important; margin-right:0px!important;margin-bottom:15px!important;margin-left:0px!important;}}@media only screen and (max-width:640px) {.fusion-title.fusion-title-8{margin-top:10px!important; margin-right:0px!important;margin-bottom:10px!important; margin-left:0px!important;}}<\/style><div class=\"fusion-title title fusion-title-8 fusion-sep-none fusion-title-text fusion-title-size-four\" style=\"margin-top:10px;margin-right:0px;margin-bottom:15px;margin-left:0px;\"><h4 class=\"title-heading-left fusion-responsive-typography-calculated\" style=\"margin:0;--fontSize:20;--minFontSize:20px;line-height:1.36;\"><p>Radio-Interview mit Ernst von Weizs\u00e4cker und Martin R. Stuchtey, Deutschlandfunk, gesendet am 01.10.21<br \/>\n<a href=\"https:\/\/ondemand-mp3.dradio.de\/file\/dradio\/2021\/10\/01\/klimapolitik_ueberparteilich_und_als_innovationstreiber_dlf_20211001_1139_8e75c700.mp3\" target=\"_blank\" rel=\"noopener\"> \u25ba H\u00f6ren<\/a> | <a href=\"https:\/\/globalideascenter.org\/was-deutschland-in-klimafragen-von-grosbritannien-lernen-kann\/\">Lesen<\/a><\/p><\/h4><\/div><style type=\"text\/css\">@media only screen and (max-width:1024px) {.fusion-title.fusion-title-9{margin-top:10px!important; margin-right:0px!important;margin-bottom:15px!important;margin-left:0px!important;}}@media only screen and (max-width:640px) {.fusion-title.fusion-title-9{margin-top:10px!important; margin-right:0px!important;margin-bottom:10px!important; margin-left:0px!important;}}<\/style><div class=\"fusion-title title fusion-title-9 fusion-sep-none fusion-title-text fusion-title-size-four\" style=\"margin-top:10px;margin-right:0px;margin-bottom:15px;margin-left:0px;\"><h4 class=\"title-heading-left fusion-responsive-typography-calculated\" style=\"margin:0;--fontSize:20;--minFontSize:20px;line-height:1.36;\"><\/h4><\/div><\/div><style type=\"text\/css\">.fusion-body .fusion-builder-column-3{width:33.333333333333% !important;margin-top : 0px;margin-bottom : 20px;}.fusion-builder-column-3 > .fusion-column-wrapper {padding-top : 0px !important;padding-right : 0px !important;margin-right : 5.76%;padding-bottom : 0px !important;padding-left : 0px !important;margin-left : 5.76%;}@media only screen and (max-width:1024px) {.fusion-body .fusion-builder-column-3{width:33.333333333333% !important;order : 0;}.fusion-builder-column-3 > .fusion-column-wrapper {margin-right : 5.76%;margin-left : 5.76%;}}@media only screen and (max-width:640px) {.fusion-body .fusion-builder-column-3{width:100% !important;order : 0;}.fusion-builder-column-3 > .fusion-column-wrapper {margin-right : 1.92%;margin-left : 1.92%;}}<\/style><\/div><div class=\"fusion-layout-column fusion_builder_column fusion-builder-column-4 fusion_builder_column_1_3 1_3 fusion-flex-column\"><div class=\"fusion-column-wrapper fusion-flex-justify-content-flex-start fusion-content-layout-column\" style=\"background-position:left top;background-repeat:no-repeat;-webkit-background-size:cover;-moz-background-size:cover;-o-background-size:cover;background-size:cover;padding: 0px 0px 0px 0px;\"><div ><span class=\" fusion-imageframe imageframe-none imageframe-4 hover-type-none\"><img decoding=\"async\" width=\"1600\" height=\"1075\" title=\"GIC_SIP-DE-FR\" src=\"https:\/\/globalideascenter.org\/wp-content\/uploads\/2021\/09\/GIC_SIP-DE-FR.jpg\" class=\"img-responsive wp-image-1042\" srcset=\"https:\/\/globalideascenter.org\/wp-content\/uploads\/2021\/09\/GIC_SIP-DE-FR-200x134.jpg 200w, https:\/\/globalideascenter.org\/wp-content\/uploads\/2021\/09\/GIC_SIP-DE-FR-400x269.jpg 400w, https:\/\/globalideascenter.org\/wp-content\/uploads\/2021\/09\/GIC_SIP-DE-FR-600x403.jpg 600w, https:\/\/globalideascenter.org\/wp-content\/uploads\/2021\/09\/GIC_SIP-DE-FR-800x538.jpg 800w, https:\/\/globalideascenter.org\/wp-content\/uploads\/2021\/09\/GIC_SIP-DE-FR-1200x806.jpg 1200w, https:\/\/globalideascenter.org\/wp-content\/uploads\/2021\/09\/GIC_SIP-DE-FR.jpg 1600w\" sizes=\"(max-width: 640px) 100vw, 600px\" \/><\/span><\/div><style type=\"text\/css\">@media only screen and (max-width:1024px) {.fusion-title.fusion-title-10{margin-top:10px!important; margin-right:0px!important;margin-bottom:15px!important;margin-left:0px!important;}}@media only screen and (max-width:640px) {.fusion-title.fusion-title-10{margin-top:10px!important; margin-right:0px!important;margin-bottom:10px!important; margin-left:0px!important;}}<\/style><div class=\"fusion-title title fusion-title-10 fusion-sep-none fusion-title-text fusion-title-size-one\" style=\"font-size:25px;margin-top:10px;margin-right:0px;margin-bottom:15px;margin-left:0px;\"><h1 class=\"title-heading-left fusion-responsive-typography-calculated\" style=\"margin:0;font-size:1em;--fontSize:25;--minFontSize:25px;line-height:1.16;\"><a href=\"https:\/\/globalideascenter.org\/was-die-spitzenkandidaten-von-macron-lernen-konnten\/\">Was die Spitzenkandidaten von Macron lernen k\u00f6nnten<\/a><\/h1><\/div><style type=\"text\/css\">@media only screen and (max-width:1024px) {.fusion-title.fusion-title-11{margin-top:10px!important; margin-right:0px!important;margin-bottom:15px!important;margin-left:0px!important;}}@media only screen and (max-width:640px) {.fusion-title.fusion-title-11{margin-top:10px!important; margin-right:0px!important;margin-bottom:10px!important; margin-left:0px!important;}}<\/style><div class=\"fusion-title title fusion-title-11 fusion-sep-none fusion-title-text fusion-title-size-four\" style=\"margin-top:10px;margin-right:0px;margin-bottom:15px;margin-left:0px;\"><h4 class=\"title-heading-left fusion-responsive-typography-calculated\" style=\"margin:0;--fontSize:20;--minFontSize:20px;line-height:1.36;\"><p>Radio-Kommentar mit Thomas Hanke, Deutschlandfunk, gesendet am 24.09.21<br \/>\n<a href=\"https:\/\/globalideascenter.org\/wp-content\/uploads\/2022\/01\/was_die_spitzenkandidatinnen_von_macron_lernen_koennten.mp3\" target=\"_blank\" rel=\"noopener\"> \u25ba H\u00f6ren<\/a> | <a href=\"https:\/\/globalideascenter.org\/was-die-spitzenkandidaten-von-macron-lernen-konnten\/\">Lesen<\/a> | <a href=\"https:\/\/globalideascenter.org\/de\/was-deutschland-von-frankreich-lernen-kann\/\" rel=\"noopener\">SIP<\/a><\/p><\/h4><\/div><style type=\"text\/css\">@media only screen and (max-width:1024px) {.fusion-title.fusion-title-12{margin-top:10px!important; margin-right:0px!important;margin-bottom:15px!important;margin-left:0px!important;}}@media only screen and (max-width:640px) {.fusion-title.fusion-title-12{margin-top:10px!important; margin-right:0px!important;margin-bottom:10px!important; margin-left:0px!important;}}<\/style><div class=\"fusion-title title fusion-title-12 fusion-sep-none fusion-title-text fusion-title-size-four\" style=\"margin-top:10px;margin-right:0px;margin-bottom:15px;margin-left:0px;\"><h4 class=\"title-heading-left fusion-responsive-typography-calculated\" style=\"margin:0;--fontSize:20;--minFontSize:20px;line-height:1.36;\"><\/h4><\/div><\/div><style type=\"text\/css\">.fusion-body .fusion-builder-column-4{width:33.333333333333% !important;margin-top : 0px;margin-bottom : 20px;}.fusion-builder-column-4 > .fusion-column-wrapper {padding-top : 0px !important;padding-right : 0px !important;margin-right : 5.76%;padding-bottom : 0px !important;padding-left : 0px !important;margin-left : 5.76%;}@media only screen and (max-width:1024px) {.fusion-body .fusion-builder-column-4{width:33.333333333333% !important;order : 0;}.fusion-builder-column-4 > .fusion-column-wrapper {margin-right : 5.76%;margin-left : 5.76%;}}@media only screen and (max-width:640px) {.fusion-body .fusion-builder-column-4{width:100% !important;order : 0;}.fusion-builder-column-4 > .fusion-column-wrapper {margin-right : 1.92%;margin-left : 1.92%;}}<\/style><\/div><\/div><style type=\"text\/css\">.fusion-body .fusion-flex-container.fusion-builder-row-2{ padding-top : 0px;margin-top : 0px;padding-right : 0px;padding-bottom : 0px;margin-bottom : 0px;padding-left : 0px;}<\/style><\/div><\/p>\n","protected":false},"excerpt":{"rendered":"","protected":false},"author":1,"featured_media":0,"parent":0,"menu_order":0,"comment_status":"closed","ping_status":"closed","template":"100-width.php","meta":{"footnotes":""},"class_list":["post-961","page","type-page","status-publish","hentry"],"_links":{"self":[{"href":"https:\/\/globalideascenter.org\/de\/wp-json\/wp\/v2\/pages\/961","targetHints":{"allow":["GET"]}}],"collection":[{"href":"https:\/\/globalideascenter.org\/de\/wp-json\/wp\/v2\/pages"}],"about":[{"href":"https:\/\/globalideascenter.org\/de\/wp-json\/wp\/v2\/types\/page"}],"author":[{"embeddable":true,"href":"https:\/\/globalideascenter.org\/de\/wp-json\/wp\/v2\/users\/1"}],"replies":[{"embeddable":true,"href":"https:\/\/globalideascenter.org\/de\/wp-json\/wp\/v2\/comments?post=961"}],"version-history":[{"count":17,"href":"https:\/\/globalideascenter.org\/de\/wp-json\/wp\/v2\/pages\/961\/revisions"}],"predecessor-version":[{"id":1336,"href":"https:\/\/globalideascenter.org\/de\/wp-json\/wp\/v2\/pages\/961\/revisions\/1336"}],"wp:attachment":[{"href":"https:\/\/globalideascenter.org\/de\/wp-json\/wp\/v2\/media?parent=961"}],"curies":[{"name":"wp","href":"https:\/\/api.w.org\/{rel}","templated":true}]}}