{"id":958,"date":"2021-10-07T15:34:12","date_gmt":"2021-10-07T13:34:12","guid":{"rendered":"https:\/\/globalideascenter.org\/?page_id=958"},"modified":"2021-12-17T09:59:40","modified_gmt":"2021-12-17T08:59:40","slug":"unsere-team","status":"publish","type":"page","link":"https:\/\/globalideascenter.org\/de\/unsere-team\/","title":{"rendered":"Unser Team"},"content":{"rendered":"<div class=\"fusion-fullwidth fullwidth-box fusion-builder-row-1 fusion-flex-container nonhundred-percent-fullwidth non-hundred-percent-height-scrolling\" style=\"background-color: rgba(255,255,255,0);background-position: center center;background-repeat: no-repeat;border-width: 0px 0px 0px 0px;border-color:#e2e2e2;border-style:solid;\" ><div class=\"fusion-builder-row fusion-row fusion-flex-align-items-flex-start\" style=\"max-width:93.6%;margin-left: calc(-4% \/ 2 );margin-right: calc(-4% \/ 2 );\"><div class=\"fusion-layout-column fusion_builder_column fusion-builder-column-0 fusion_builder_column_1_2 1_2 fusion-flex-column\"><div class=\"fusion-column-wrapper fusion-flex-justify-content-flex-start fusion-content-layout-column\" style=\"background-position:left top;background-repeat:no-repeat;-webkit-background-size:cover;-moz-background-size:cover;-o-background-size:cover;background-size:cover;padding: 0px 0px 0px 0px;\"><div class=\"fusion-text fusion-text-1\" style=\"text-align:justify;\"><p style=\"text-align: left;\">Als virtueller Think Tank und globales Netzwerk von Autoren und Analysten arbeitet der Global Ideas Center jedes Jahr mit einer Reihe von GIC Fellows zusammen, die die Hauptautoren unserer Publikationen sind. Ihre Beitr\u00e4ge werden von Stephan-G\u00f6tz Richter, dem Direktor des Global Ideas Center, koordiniert und vom redaktionellen Produktionsteam des GIC unterst\u00fctzt.<\/p>\n<\/div><style type=\"text\/css\">.fusion-accordian  #accordion-958-1 .panel-title a .fa-fusion-box{ color: #ffffff;}.fusion-accordian  #accordion-958-1 .panel-title a .fa-fusion-box:before{ font-size: 22px; width: 22px;}.fusion-accordian  #accordion-958-1.fusion-toggle-icon-right .fusion-toggle-heading{ margin-right: 40px;}.fusion-accordian  #accordion-958-1 .fa-fusion-box { background-color: #212934;border-color: #212934;}.fusion-accordian  #accordion-958-1 .panel-title a:hover, #accordion-958-1 .fusion-toggle-boxed-mode:hover .panel-title a { color: #1a80b6;}.fusion-accordian  #accordion-958-1 .panel-title .active .fa-fusion-box,.fusion-accordian  #accordion-958-1 .panel-title a:hover .fa-fusion-box { background-color: #1a80b6!important;border-color: #1a80b6!important;}<\/style><div class=\"accordian fusion-accordian\"><div class=\"panel-group fusion-toggle-icon-right\" id=\"accordion-958-1\"><div class=\"fusion-panel panel-default\"><div class=\"panel-heading\"><h4 class=\"panel-title toggle\"><a aria-expanded=\"false\" aria-controls=\"ad6df51500500fff9\" role=\"button\" data-toggle=\"collapse\" data-parent=\"#accordion-958-1\" data-target=\"#ad6df51500500fff9\" href=\"#ad6df51500500fff9\"><span class=\"fusion-toggle-icon-wrapper\" aria-hidden=\"true\"><i class=\"fa-fusion-box\" aria-hidden=\"true\"><\/i><\/span><span class=\"fusion-toggle-heading\">Stephan-G\u00f6tz Richter's bio<\/span><\/a><\/h4><\/div><div id=\"ad6df51500500fff9\" class=\"panel-collapse collapse \"><div class=\"panel-body toggle-content fusion-clearfix\">\n<p><img decoding=\"async\" class=\"alignleft wp-image-35\" src=\"https:\/\/globalideascenter.org\/wp-content\/uploads\/2021\/09\/SRichter.jpg\" alt=\"\" width=\"164\" height=\"215\" \/>Stephan-G\u00f6tz Richter is the publisher and editor-in-chief of The Globalist, the daily online magazine on the global economy, politics and culture, which he founded and launched in January 2000.<\/p>\n<p>Mr. Richter is a frequent guest on leading radio and television programs, including Germany\u2019s \u201cMeet the Press\u201d program on ARD and ZDF\u2019s Morning Show. While based in the U.S., he frequently appeared on National Public Radio as well as on the PBS Newshour and CNN.<\/p>\n<p>A sought after and thought-provoking keynote speaker at executive conferences and retreats, he has moderated more than 150 policy events during his time in Washington, D.C., featuring prime ministers, CEOs, Nobel laureates and heads of international organizations.<\/p>\n<p>His articles and views have appeared in such publications as the New York Times, Wall Street Journal, Washington Post, Financial Times, <a href=\"https:\/\/www.theglobalist.com\/harvard-business-review-stephan-richter\/\" target=\"_blank\" rel=\"noopener\"><span style=\"color: #0000ff;\">Harvard Business<\/span> <span style=\"color: #0000ff;\">Review<\/span><\/a>, Fortune, <span style=\"color: #0000ff;\"><a style=\"color: #0000ff;\" href=\"http:\/\/www.salon.com\/writer\/stephan_richter\/\" target=\"_blank\" rel=\"noopener\">Salon<\/a><\/span>, <a href=\"https:\/\/www.japantimes.co.jp\/author\/int-stephan_richter\/\" target=\"_blank\" rel=\"noopener\"><span style=\"color: #0000ff;\">Japan Times<\/span>,<\/a> Le Monde, Les Echos, Die Welt, Der Spiegel, <span style=\"color: #0000ff;\"><a style=\"color: #0000ff;\" href=\"https:\/\/www.theglobalist.com\/faz-frankfurter-allgemeine-zeitung-stephan-richter\/\" target=\"_blank\" rel=\"noopener\">Frankfurter Allgemeine Zeitung<\/a><\/span>, Die Zeit, Handelsblatt<span style=\"color: #0000ff;\">, <a style=\"color: #0000ff;\" href=\"https:\/\/www.theglobalist.com\/stephan-richter-manager-magazin\/\" target=\"_blank\" rel=\"noopener\">Manager Magazin<\/a><\/span>,Cicero, NZZ and Foreign Affairs.<\/p>\n<p>He has been a keynote speaker on geopolitical and geoeconomic issues and trends at major international conferences organized by asset managers, investment banks and public policy institutions in Europe, the United States and Asia.<\/p>\n<p>He served as North American advisor to the German Economics Ministry and Vice Chancellor in the early 1990s, when he successfully shaped the \u201cNew Federal States\u201d campaign, designed to create a dynamic brand image for the former Communist East Germany.<\/p>\n<p>In the fall of 1990, at the request of the U.S. Senator Bill Bradley, he drafted the Sense of the U.S. Senate resolution calling for forgiveness of Poland\u2019s Communist-era public debt. It proved a crucial step in the successful conclusion of the April 1991 Debt Agreement in the Paris Club.<\/p>\n<p><a href=\"https:\/\/www.theglobalist.com\/freeing-poland-from-the-shackles-of-its-debt-mountain\/\" target=\"_blank\" rel=\"noopener\"><span style=\"color: #0000ff;\">For those activities, he was awarded the Cross of the Order of Merit by the President of Poland in June 2014<\/span>,<\/a> as part of the country\u2019s celebrations for the 25th anniversary of the arrival of freedom.<\/p>\n<p>Mr. Richter received his J.D. from the University of Bonn, Germany in 1984, was a Rotary Foundation Award recipient in 1980-81 and a Congressional Fellow of the American Political Science Association in 1986-87.<\/p>\n<\/div><\/div><\/div><\/div><\/div><\/div><style type=\"text\/css\">.fusion-body .fusion-builder-column-0{width:50% !important;margin-top : 0px;margin-bottom : 20px;}.fusion-builder-column-0 > .fusion-column-wrapper {padding-top : 0px !important;padding-right : 0px !important;margin-right : 3.84%;padding-bottom : 0px !important;padding-left : 0px !important;margin-left : 3.84%;}@media only screen and (max-width:1024px) {.fusion-body .fusion-builder-column-0{width:50% !important;order : 0;}.fusion-builder-column-0 > .fusion-column-wrapper {margin-right : 3.84%;margin-left : 3.84%;}}@media only screen and (max-width:640px) {.fusion-body .fusion-builder-column-0{width:100% !important;order : 0;}.fusion-builder-column-0 > .fusion-column-wrapper {margin-right : 1.92%;margin-left : 1.92%;}}<\/style><\/div><div class=\"fusion-layout-column fusion_builder_column fusion-builder-column-1 fusion_builder_column_1_2 1_2 fusion-flex-column\"><div class=\"fusion-column-wrapper fusion-flex-justify-content-flex-start fusion-content-layout-column\" style=\"background-position:left top;background-repeat:no-repeat;-webkit-background-size:cover;-moz-background-size:cover;-o-background-size:cover;background-size:cover;padding: 0px 0px 0px 0px;\"><div class=\"fusion-text fusion-text-2\" style=\"text-align:justify;\"><p><strong>2021 GIC Fellows and Autoren sind<\/strong><strong style=\"background-color: rgba(255, 255, 255, 0); color: var(--body_typography-color); font-family: var(--body_typography-font-family); font-size: var(--body_typography-font-size); font-style: var(--body_typography-font-style,normal); letter-spacing: var(--body_typography-letter-spacing);\">:<\/strong><\/p>\n<\/div><style type=\"text\/css\">.fusion-accordian  #accordion-958-2 .panel-title a .fa-fusion-box{ color: #ffffff;}.fusion-accordian  #accordion-958-2 .panel-title a .fa-fusion-box:before{ font-size: 22px; width: 22px;}.fusion-accordian  #accordion-958-2.fusion-toggle-icon-right .fusion-toggle-heading{ margin-right: 40px;}.fusion-accordian  #accordion-958-2 .fa-fusion-box { background-color: #212934;border-color: #212934;}.fusion-accordian  #accordion-958-2 .panel-title a:hover, #accordion-958-2 .fusion-toggle-boxed-mode:hover .panel-title a { color: #1a80b6;}.fusion-accordian  #accordion-958-2 .panel-title .active .fa-fusion-box,.fusion-accordian  #accordion-958-2 .panel-title a:hover .fa-fusion-box { background-color: #1a80b6!important;border-color: #1a80b6!important;}<\/style><div class=\"accordian fusion-accordian\"><div class=\"panel-group fusion-toggle-icon-right\" id=\"accordion-958-2\"><div class=\"fusion-panel panel-default\"><div class=\"panel-heading\"><h4 class=\"panel-title toggle\"><a aria-expanded=\"false\" aria-controls=\"1c8ea46acc9682a38\" role=\"button\" data-toggle=\"collapse\" data-parent=\"#accordion-958-2\" data-target=\"#1c8ea46acc9682a38\" href=\"#1c8ea46acc9682a38\"><span class=\"fusion-toggle-icon-wrapper\" aria-hidden=\"true\"><i class=\"fa-fusion-box\" aria-hidden=\"true\"><\/i><\/span><span class=\"fusion-toggle-heading\">Holger Schmieding<\/span><\/a><\/h4><\/div><div id=\"1c8ea46acc9682a38\" class=\"panel-collapse collapse \"><div class=\"panel-body toggle-content fusion-clearfix\">Ihre Inhalte kommen hierher<\/div><\/div><\/div><div class=\"fusion-panel panel-default\"><div class=\"panel-heading\"><h4 class=\"panel-title toggle\"><a aria-expanded=\"false\" aria-controls=\"a0e920f187ba4a19f\" role=\"button\" data-toggle=\"collapse\" data-parent=\"#accordion-958-2\" data-target=\"#a0e920f187ba4a19f\" href=\"#a0e920f187ba4a19f\"><span class=\"fusion-toggle-icon-wrapper\" aria-hidden=\"true\"><i class=\"fa-fusion-box\" aria-hidden=\"true\"><\/i><\/span><span class=\"fusion-toggle-heading\">Fabio de Masi<\/span><\/a><\/h4><\/div><div id=\"a0e920f187ba4a19f\" class=\"panel-collapse collapse \"><div class=\"panel-body toggle-content fusion-clearfix\">Ihre Inhalte kommen hierher<\/div><\/div><\/div><div class=\"fusion-panel panel-default\"><div class=\"panel-heading\"><h4 class=\"panel-title toggle\"><a aria-expanded=\"false\" aria-controls=\"96b3ce57664f7eda5\" role=\"button\" data-toggle=\"collapse\" data-parent=\"#accordion-958-2\" data-target=\"#96b3ce57664f7eda5\" href=\"#96b3ce57664f7eda5\"><span class=\"fusion-toggle-icon-wrapper\" aria-hidden=\"true\"><i class=\"fa-fusion-box\" aria-hidden=\"true\"><\/i><\/span><span class=\"fusion-toggle-heading\">Thomas Hanke<\/span><\/a><\/h4><\/div><div id=\"96b3ce57664f7eda5\" class=\"panel-collapse collapse \"><div class=\"panel-body toggle-content fusion-clearfix\">\n<p>Ihre Inhalte kommen hierher<\/p>\n<\/div><\/div><\/div><div class=\"fusion-panel panel-default\"><div class=\"panel-heading\"><h4 class=\"panel-title toggle\"><a aria-expanded=\"false\" aria-controls=\"36cbae13ccd68b0ed\" role=\"button\" data-toggle=\"collapse\" data-parent=\"#accordion-958-2\" data-target=\"#36cbae13ccd68b0ed\" href=\"#36cbae13ccd68b0ed\"><span class=\"fusion-toggle-icon-wrapper\" aria-hidden=\"true\"><i class=\"fa-fusion-box\" aria-hidden=\"true\"><\/i><\/span><span class=\"fusion-toggle-heading\">Stephen Green<\/span><\/a><\/h4><\/div><div id=\"36cbae13ccd68b0ed\" class=\"panel-collapse collapse \"><div class=\"panel-body toggle-content fusion-clearfix\">\n<p>Ihre Inhalte kommen hierher<\/p>\n<\/div><\/div><\/div><div class=\"fusion-panel panel-default\"><div class=\"panel-heading\"><h4 class=\"panel-title toggle\"><a aria-expanded=\"false\" aria-controls=\"147b6586fe636ae80\" role=\"button\" data-toggle=\"collapse\" data-parent=\"#accordion-958-2\" data-target=\"#147b6586fe636ae80\" href=\"#147b6586fe636ae80\"><span class=\"fusion-toggle-icon-wrapper\" aria-hidden=\"true\"><i class=\"fa-fusion-box\" aria-hidden=\"true\"><\/i><\/span><span class=\"fusion-toggle-heading\">Adair Turner<\/span><\/a><\/h4><\/div><div id=\"147b6586fe636ae80\" class=\"panel-collapse collapse \"><div class=\"panel-body toggle-content fusion-clearfix\">\n<p>Ihre Inhalte kommen hierher<\/p>\n<\/div><\/div><\/div><div class=\"fusion-panel panel-default\"><div class=\"panel-heading\"><h4 class=\"panel-title toggle\"><a aria-expanded=\"false\" aria-controls=\"2d2ed124139719164\" role=\"button\" data-toggle=\"collapse\" data-parent=\"#accordion-958-2\" data-target=\"#2d2ed124139719164\" href=\"#2d2ed124139719164\"><span class=\"fusion-toggle-icon-wrapper\" aria-hidden=\"true\"><i class=\"fa-fusion-box\" aria-hidden=\"true\"><\/i><\/span><span class=\"fusion-toggle-heading\">Ernst von Weizs\u00e4cker<\/span><\/a><\/h4><\/div><div id=\"2d2ed124139719164\" class=\"panel-collapse collapse \"><div class=\"panel-body toggle-content fusion-clearfix\">\n<p>Ihre Inhalte kommen hierher<\/p>\n<\/div><\/div><\/div><div class=\"fusion-panel panel-default\"><div class=\"panel-heading\"><h4 class=\"panel-title toggle\"><a aria-expanded=\"false\" aria-controls=\"25a8d554921c14657\" role=\"button\" data-toggle=\"collapse\" data-parent=\"#accordion-958-2\" data-target=\"#25a8d554921c14657\" href=\"#25a8d554921c14657\"><span class=\"fusion-toggle-icon-wrapper\" aria-hidden=\"true\"><i class=\"fa-fusion-box\" aria-hidden=\"true\"><\/i><\/span><span class=\"fusion-toggle-heading\">Martin R. Stuchtey<\/span><\/a><\/h4><\/div><div id=\"25a8d554921c14657\" class=\"panel-collapse collapse \"><div class=\"panel-body toggle-content fusion-clearfix\">\n<p>Ihre Inhalte kommen hierher<\/p>\n<\/div><\/div><\/div><div class=\"fusion-panel panel-default\"><div class=\"panel-heading\"><h4 class=\"panel-title toggle\"><a aria-expanded=\"false\" aria-controls=\"355b9f92d972b8c30\" role=\"button\" data-toggle=\"collapse\" data-parent=\"#accordion-958-2\" data-target=\"#355b9f92d972b8c30\" href=\"#355b9f92d972b8c30\"><span class=\"fusion-toggle-icon-wrapper\" aria-hidden=\"true\"><i class=\"fa-fusion-box\" aria-hidden=\"true\"><\/i><\/span><span class=\"fusion-toggle-heading\">Markus Hilgert<\/span><\/a><\/h4><\/div><div id=\"355b9f92d972b8c30\" class=\"panel-collapse collapse \"><div class=\"panel-body toggle-content fusion-clearfix\">\n<p>Ihre Inhalte kommen hierher<\/p>\n<\/div><\/div><\/div><\/div><\/div><\/div><style type=\"text\/css\">.fusion-body .fusion-builder-column-1{width:50% !important;margin-top : 0px;margin-bottom : 20px;}.fusion-builder-column-1 > .fusion-column-wrapper {padding-top : 0px !important;padding-right : 0px !important;margin-right : 3.84%;padding-bottom : 0px !important;padding-left : 0px !important;margin-left : 3.84%;}@media only screen and (max-width:1024px) {.fusion-body .fusion-builder-column-1{width:50% !important;order : 0;}.fusion-builder-column-1 > .fusion-column-wrapper {margin-right : 3.84%;margin-left : 3.84%;}}@media only screen and (max-width:640px) {.fusion-body .fusion-builder-column-1{width:100% !important;order : 0;}.fusion-builder-column-1 > .fusion-column-wrapper {margin-right : 1.92%;margin-left : 1.92%;}}<\/style><\/div><\/div><style type=\"text\/css\">.fusion-body .fusion-flex-container.fusion-builder-row-1{ padding-top : 0px;margin-top : 0px;padding-right : 0px;padding-bottom : 0px;margin-bottom : 0px;padding-left : 0px;}<\/style><\/div>\n","protected":false},"excerpt":{"rendered":"","protected":false},"author":1,"featured_media":0,"parent":0,"menu_order":0,"comment_status":"closed","ping_status":"closed","template":"100-width.php","meta":{"footnotes":""},"class_list":["post-958","page","type-page","status-publish","hentry"],"_links":{"self":[{"href":"https:\/\/globalideascenter.org\/de\/wp-json\/wp\/v2\/pages\/958","targetHints":{"allow":["GET"]}}],"collection":[{"href":"https:\/\/globalideascenter.org\/de\/wp-json\/wp\/v2\/pages"}],"about":[{"href":"https:\/\/globalideascenter.org\/de\/wp-json\/wp\/v2\/types\/page"}],"author":[{"embeddable":true,"href":"https:\/\/globalideascenter.org\/de\/wp-json\/wp\/v2\/users\/1"}],"replies":[{"embeddable":true,"href":"https:\/\/globalideascenter.org\/de\/wp-json\/wp\/v2\/comments?post=958"}],"version-history":[{"count":10,"href":"https:\/\/globalideascenter.org\/de\/wp-json\/wp\/v2\/pages\/958\/revisions"}],"predecessor-version":[{"id":1191,"href":"https:\/\/globalideascenter.org\/de\/wp-json\/wp\/v2\/pages\/958\/revisions\/1191"}],"wp:attachment":[{"href":"https:\/\/globalideascenter.org\/de\/wp-json\/wp\/v2\/media?parent=958"}],"curies":[{"name":"wp","href":"https:\/\/api.w.org\/{rel}","templated":true}]}}