{"id":955,"date":"2021-10-07T15:33:39","date_gmt":"2021-10-07T13:33:39","guid":{"rendered":"https:\/\/globalideascenter.org\/?page_id=955"},"modified":"2021-10-07T17:21:26","modified_gmt":"2021-10-07T15:21:26","slug":"unsere-veroeffentlichungen","status":"publish","type":"page","link":"https:\/\/globalideascenter.org\/de\/unsere-veroeffentlichungen\/","title":{"rendered":"Unsere Ver\u00f6ffentlichungen"},"content":{"rendered":"<div class=\"fusion-fullwidth fullwidth-box fusion-builder-row-1 fusion-flex-container nonhundred-percent-fullwidth non-hundred-percent-height-scrolling\" style=\"background-color: rgba(255,255,255,0);background-position: center center;background-repeat: no-repeat;border-width: 0px 0px 0px 0px;border-color:#e2e2e2;border-style:solid;\" ><div class=\"fusion-builder-row fusion-row fusion-flex-align-items-flex-start\" style=\"max-width:93.6%;margin-left: calc(-4% \/ 2 );margin-right: calc(-4% \/ 2 );\"><div class=\"fusion-layout-column fusion_builder_column fusion-builder-column-0 fusion_builder_column_3_5 3_5 fusion-flex-column\"><div class=\"fusion-column-wrapper fusion-flex-justify-content-flex-start fusion-content-layout-column\" style=\"background-position:left top;background-repeat:no-repeat;-webkit-background-size:cover;-moz-background-size:cover;-o-background-size:cover;background-size:cover;padding: 0px 0px 0px 0px;\"><style type=\"text\/css\">@media only screen and (max-width:1024px) {.fusion-title.fusion-title-1{margin-top:0px!important; margin-right:0px!important;margin-bottom:15px!important;margin-left:0px!important;}}@media only screen and (max-width:640px) {.fusion-title.fusion-title-1{margin-top:10px!important; margin-right:0px!important;margin-bottom:10px!important; margin-left:0px!important;}}<\/style><div class=\"fusion-title title fusion-title-1 fusion-sep-none fusion-title-text fusion-title-size-four\" style=\"margin-top:0px;margin-right:0px;margin-bottom:15px;margin-left:0px;\"><h4 class=\"title-heading-left fusion-responsive-typography-calculated\" style=\"margin:0;--fontSize:20;--minFontSize:20px;line-height:1.36;\"><h4>Strategic Intervention Papers (SIPs)<\/h4><\/h4><\/div><div class=\"fusion-text fusion-text-1\"><p><img decoding=\"async\" class=\"alignnone wp-image-196\" src=\"https:\/\/globalideascenter.org\/wp-content\/uploads\/2021\/09\/GIC-SIP-logo.jpg\" alt=\"\" width=\"117\" height=\"85\" \/><\/p>\n<p>Die &#8222;Strategic Intervention Papers&#8220; (SIPs) sind das Flaggschiff des Global Ideas Center. SIPs sind in der Regel zwischen 2.000 und 4.000 W\u00f6rter lang.<\/p>\n<p>Mit jedem Strategic Intervention Paper (SIP) wird ein zweifacher Zweck verfolgt: Erstens soll ein bestimmtes Problem angegangen werden, das den erforderten Fortschritt behindert. Und zweitens soll eine breitere \u00f6ffentliche Debatte \u00fcber dieses Problem angeregt werden, um das Thema so einer konstruktiven L\u00f6sung zuzuf\u00fchren.<\/p>\n<p>Jedes Strategic Intervention Paper beginnt mit der Benennung einer spezifischen politischen Herausforderung und legt im Anschluss die zugrundeliegenden Probleme dar, die auf die Frage konzentriert ist, wie und warum bestimmte Akteure ihre Haltung ver\u00e4ndern sollten.<\/p>\n<p>H\u00e4ufig befassen sich unsere SIPs mit einem bestimmten Problem oder einer politischen Blockade innerhalb eines Landes oder auch innerhalb einer geografischen Region. Alternativ k\u00f6nnen sie auch strittige Fragen in den Beziehungen zwischen einer bestimmten Gruppe von L\u00e4ndern oder Regionen untersuchen.<\/p>\n<p>In unseren SIPs werden idealiter potenzielle L\u00f6sungen aufgezeigt, die in anderen L\u00e4ndern (dem &#8222;Beispielland&#8220;) erfolgreich umgesetzt worden sind. Dabei kann es sich um eine politische, wirtschaftliche, soziale oder administrative Praxis handeln. Es kann sich auch um ein Gesetz oder eine Verordnung handeln, das\/die sich in dem Beispielland bew\u00e4hrt hat und das\/die im Zielland angepasst werden kann.<\/p>\n<p>Letztlich stellen unsere SIPs einen Versuch dar, den L\u00e4ndern zu einer besseren und ehrlicheren Form der Selbsterkenntnis zu verhelfen. Wir betrachten die Bereitschaft dazu als einen entscheidenden Schritt, um Nationen in die Lage zu versetzen, ihrer nationalen, regionalen und globalen Verantwortung gerecht zu werden.<\/p>\n<\/div><style type=\"text\/css\">@media only screen and (max-width:1024px) {.fusion-title.fusion-title-2{margin-top:10px!important; margin-right:0px!important;margin-bottom:15px!important;margin-left:0px!important;}}@media only screen and (max-width:640px) {.fusion-title.fusion-title-2{margin-top:10px!important; margin-right:0px!important;margin-bottom:10px!important; margin-left:0px!important;}}<\/style><div class=\"fusion-title title fusion-title-2 fusion-sep-none fusion-title-text fusion-title-size-four\" style=\"margin-top:10px;margin-right:0px;margin-bottom:15px;margin-left:0px;\"><h4 class=\"title-heading-left fusion-responsive-typography-calculated\" style=\"margin:0;--fontSize:20;--minFontSize:20px;line-height:1.36;\"><h4>Strategic Assessment Memos (SAMs)<\/h4><\/h4><\/div><div class=\"fusion-text fusion-text-2\"><p><img decoding=\"async\" class=\"alignnone wp-image-196\" src=\"https:\/\/globalideascenter.org\/wp-content\/uploads\/2021\/09\/GIC-SAM-logo-RECEIVED-SHONALI-210528.jpg\" alt=\"\" width=\"117\" height=\"85\" \/><\/p>\n<div id=\"tab-9d2de2703e65f2b198a\" class=\"tab-pane fade fusion-clearfix active in\" tabindex=\"0\" role=\"tabpanel\" aria-labelledby=\"fusion-tab-strategicassessmentmemos(sams)\">\n<p>Die andere wichtige Publikation des Global Ideas Center sind unsere Strategic Assessment Memos (SAMs). Sie bieten medienwirksame Kurzdarstellungen zu aktuellen, brisanten Diskussionspunkten auf der globalen Agenda. SAMs sind in der Regel zwischen 800 und 1.200 W\u00f6rter lang.<\/p>\n<p>SAMs zeigen Perspektiven und Ideen auf, die in der aktuellen Debatte entweder \u00fcbersehen werden oder die in einem alternativen Rahmen betrachtet werden m\u00fcssen, um zielf\u00fchrend und l\u00f6sungsorientiert zu sein. Sie k\u00f6nnen auch die rhetorische Fahlheit der von prominenten Politikern vertretenen Positionen aufweisen. Allzu oft ist ja es die Absicht der M\u00e4chtigen, das, was ihren Interessen entspricht, als unanfechtbare Weisheit zu verkaufen. In Wirklichkeit ist diese &#8222;Weisheit&#8220; oftmals weder unanfechtbar noch weise, sondern eher selbsts\u00fcchtig und kurzsichtig.<\/p>\n<p>F\u00fcr das Global Ideas Center ist die Auseinandersetzung mit den etablierten Interessen und konventionellen Weisheiten der Schl\u00fcssel zu einer offenen, ehrlichen, fundierten und ergebnisorientierten Debatte.<\/p>\n<p>Im Einklang mit unserem allgemeinen Versprechen und unserer Pr\u00e4misse &#8222;The Power of Comparisons and Examples&#8220; werden unsere Strategic Assessment Memos oft auf grenz\u00fcberschreitende Perspektiven und Beispiele ausgerichtet sein.<\/p>\n<\/div>\n<\/div><\/div><style type=\"text\/css\">.fusion-body .fusion-builder-column-0{width:60% !important;margin-top : -20px;margin-bottom : 20px;}.fusion-builder-column-0 > .fusion-column-wrapper {padding-top : 0px !important;padding-right : 0px !important;margin-right : 3.2%;padding-bottom : 0px !important;padding-left : 0px !important;margin-left : 3.2%;}@media only screen and (max-width:1024px) {.fusion-body .fusion-builder-column-0{width:60% !important;order : 0;}.fusion-builder-column-0 > .fusion-column-wrapper {margin-right : 3.2%;margin-left : 3.2%;}}@media only screen and (max-width:640px) {.fusion-body .fusion-builder-column-0{width:100% !important;order : 0;}.fusion-builder-column-0 > .fusion-column-wrapper {margin-right : 1.92%;margin-left : 1.92%;}}<\/style><\/div><\/div><style type=\"text\/css\">.fusion-body .fusion-flex-container.fusion-builder-row-1{ padding-top : 0px;margin-top : 0px;padding-right : 0px;padding-bottom : 0px;margin-bottom : 0px;padding-left : 0px;}<\/style><\/div>\n","protected":false},"excerpt":{"rendered":"","protected":false},"author":1,"featured_media":0,"parent":0,"menu_order":0,"comment_status":"closed","ping_status":"closed","template":"100-width.php","meta":{"footnotes":""},"class_list":["post-955","page","type-page","status-publish","hentry"],"_links":{"self":[{"href":"https:\/\/globalideascenter.org\/de\/wp-json\/wp\/v2\/pages\/955","targetHints":{"allow":["GET"]}}],"collection":[{"href":"https:\/\/globalideascenter.org\/de\/wp-json\/wp\/v2\/pages"}],"about":[{"href":"https:\/\/globalideascenter.org\/de\/wp-json\/wp\/v2\/types\/page"}],"author":[{"embeddable":true,"href":"https:\/\/globalideascenter.org\/de\/wp-json\/wp\/v2\/users\/1"}],"replies":[{"embeddable":true,"href":"https:\/\/globalideascenter.org\/de\/wp-json\/wp\/v2\/comments?post=955"}],"version-history":[{"count":4,"href":"https:\/\/globalideascenter.org\/de\/wp-json\/wp\/v2\/pages\/955\/revisions"}],"predecessor-version":[{"id":1001,"href":"https:\/\/globalideascenter.org\/de\/wp-json\/wp\/v2\/pages\/955\/revisions\/1001"}],"wp:attachment":[{"href":"https:\/\/globalideascenter.org\/de\/wp-json\/wp\/v2\/media?parent=955"}],"curies":[{"name":"wp","href":"https:\/\/api.w.org\/{rel}","templated":true}]}}